{"id":3663,"date":"2021-11-26T23:13:44","date_gmt":"2021-11-26T22:13:44","guid":{"rendered":"https:\/\/cyfrowa.pl\/wp\/?page_id=3663"},"modified":"2022-03-29T00:22:56","modified_gmt":"2022-03-28T22:22:56","slug":"o-nas","status":"publish","type":"page","link":"https:\/\/cyfrowa.pl\/wp\/o-nas\/","title":{"rendered":"O nas"},"content":{"rendered":"<p>[et_pb_section fb_built=&#8221;1&#8243; _builder_version=&#8221;4.15&#8243; _module_preset=&#8221;default&#8221; hover_enabled=&#8221;0&#8243; global_colors_info=&#8221;{}&#8221; sticky_enabled=&#8221;0&#8243;][et_pb_row column_structure=&#8221;1_3,1_3,1_3&#8243; _builder_version=&#8221;4.15&#8243; _module_preset=&#8221;default&#8221; global_colors_info=&#8221;{}&#8221;][et_pb_column type=&#8221;1_3&#8243; _builder_version=&#8221;4.15&#8243; _module_preset=&#8221;default&#8221; global_colors_info=&#8221;{}&#8221;][et_pb_blurb title=&#8221;Tradycja&#8221; image=&#8221;https:\/\/cyfrowa.pl\/wp\/wp-content\/uploads\/2021\/11\/1-1.png&#8221; _builder_version=&#8221;4.15&#8243; _module_preset=&#8221;default&#8221; header_font=&#8221;|600|on||||||&#8221; header_text_color=&#8221;#A84C1E&#8221; text_orientation=&#8221;center&#8221; custom_margin=&#8221;10px|10px|10px|10px|true|true&#8221; global_colors_info=&#8221;{}&#8221;]<\/p>\n<p><i><span style=\"font-weight: 400;\">Kreujemy warto\u015b\u0107 dla naszych Klient\u00f3w od 1973 roku.<\/span><\/i><\/p>\n<p>[\/et_pb_blurb][\/et_pb_column][et_pb_column type=&#8221;1_3&#8243; _builder_version=&#8221;4.15&#8243; _module_preset=&#8221;default&#8221; global_colors_info=&#8221;{}&#8221;][et_pb_blurb title=&#8221;Najwy\u017csza jako\u015b\u0107&#8221; image=&#8221;https:\/\/cyfrowa.pl\/wp\/wp-content\/uploads\/2021\/11\/3-1.png&#8221; _builder_version=&#8221;4.15&#8243; _module_preset=&#8221;default&#8221; header_font=&#8221;|600|on||||||&#8221; header_text_color=&#8221;#A84C1E&#8221; text_orientation=&#8221;center&#8221; custom_margin=&#8221;10px|10px|10px|10px|true|true&#8221; global_colors_info=&#8221;{}&#8221;]<\/p>\n<p><i><span style=\"font-weight: 400;\">To ni\u0105 kierujemy si\u0119 proponuj\u0105c Wam nasze rozwi\u0105zania i us\u0142ugi.<\/span><\/i><\/p>\n<p>[\/et_pb_blurb][\/et_pb_column][et_pb_column type=&#8221;1_3&#8243; _builder_version=&#8221;4.15&#8243; _module_preset=&#8221;default&#8221; global_colors_info=&#8221;{}&#8221;][et_pb_blurb title=&#8221;Twoje potrzeby&#8221; image=&#8221;https:\/\/cyfrowa.pl\/wp\/wp-content\/uploads\/2021\/11\/2.png&#8221; _builder_version=&#8221;4.15&#8243; _module_preset=&#8221;default&#8221; header_font=&#8221;|600|on||||||&#8221; header_text_color=&#8221;#a84c1e&#8221; text_orientation=&#8221;center&#8221; custom_margin=&#8221;10px|10px|10px|10px|true|true&#8221; global_colors_info=&#8221;{}&#8221;]<\/p>\n<p><i><span style=\"font-weight: 400;\">S\u0105 kluczem, do tworzonych przez nas us\u0142ug i produkt\u00f3w.<\/span><\/i><\/p>\n<p>[\/et_pb_blurb][\/et_pb_column][\/et_pb_row][\/et_pb_section][et_pb_section fb_built=&#8221;1&#8243; admin_label=&#8221;Other Recent Works Section&#8221; _builder_version=&#8221;4.15&#8243; custom_margin=&#8221;|||&#8221; custom_padding=&#8221;0px||||false|false&#8221; global_colors_info=&#8221;{}&#8221;][et_pb_row admin_label=&#8221;Other Recent Works Area&#8221; _builder_version=&#8221;4.15&#8243; custom_margin=&#8221;||||false|false&#8221; animation_style=&#8221;fade&#8221; locked=&#8221;off&#8221; global_colors_info=&#8221;{}&#8221;][et_pb_column type=&#8221;4_4&#8243; _builder_version=&#8221;4.15&#8243; custom_padding=&#8221;|||&#8221; global_colors_info=&#8221;{}&#8221; custom_padding__hover=&#8221;|||&#8221;][et_pb_text _builder_version=&#8221;4.15.1&#8243; _module_preset=&#8221;default&#8221; custom_margin=&#8221;-49px|||||&#8221; hover_enabled=&#8221;0&#8243; inline_fonts=&#8221;Enriqueta&#8221; global_colors_info=&#8221;{}&#8221; animation_style=&#8221;fade&#8221; sticky_enabled=&#8221;0&#8243;]<\/p>\n<p><span style=\"color: #666262;\"><i>To w\u0142a\u015bnie te warto\u015bci cenimy na co dzie\u0144. Jeste\u015bmy rodzinn\u0105 firm\u0105 z \u0141a\u0144cuta &#8211; ma\u0142ego i pi\u0119knego miasta po\u0142o\u017conego na Podkarpaciu. To ju\u017c trzecie pokolenie naszej rodziny zaanga\u017cowane w dzia\u0142alno\u015b\u0107 firmy \u201cFotos\u201d. Od tradycyjnej fotografii analogowej, przez pocz\u0105tki zdj\u0119\u0107 cyfrowych, a\u017c po dzisiejszy \u015bwiat fotografii mobilnej &#8211; na ka\u017cdym etapie kszta\u0142towali\u015bmy lokalny rynek i z ka\u017cdego etapu wyci\u0105gn\u0119li\u015bmy cenne do\u015bwiadczenie, kt\u00f3re teraz oferujemy Wam, naszym Klientom.<\/i><\/span><\/p>\n<p style=\"text-align: right;\"><span style=\"color: #666262;\"><i>Dzi\u0119kujemy za odwiedzenie naszej strony!<\/i><\/span><\/p>\n<p style=\"text-align: right;\"><strong><span style=\"color: #660000; font-family: Enriqueta;\"><em>B.R.M. \u0141yko<\/em><\/span><\/strong><\/p>\n<p>[\/et_pb_text][\/et_pb_column][\/et_pb_row][\/et_pb_section][et_pb_section fb_built=&#8221;1&#8243; _builder_version=&#8221;4.15&#8243; _module_preset=&#8221;default&#8221; global_colors_info=&#8221;{}&#8221;][\/et_pb_section]<\/p>\n","protected":false},"excerpt":{"rendered":"<p>Kreujemy warto\u015b\u0107 dla naszych Klient\u00f3w od 1973 roku.To ni\u0105 kierujemy si\u0119 proponuj\u0105c Wam nasze rozwi\u0105zania i us\u0142ugi.S\u0105 kluczem, do tworzonych przez nas us\u0142ug i produkt\u00f3w.To w\u0142a\u015bnie te warto\u015bci cenimy na co dzie\u0144. Jeste\u015bmy rodzinn\u0105 firm\u0105 z \u0141a\u0144cuta &#8211; ma\u0142ego i pi\u0119knego miasta po\u0142o\u017conego na Podkarpaciu. To ju\u017c trzecie pokolenie naszej rodziny zaanga\u017cowane w dzia\u0142alno\u015b\u0107 firmy [&hellip;]<\/p>\n","protected":false},"author":1,"featured_media":0,"parent":0,"menu_order":0,"comment_status":"closed","ping_status":"closed","template":"","meta":{"_et_pb_use_builder":"on","_et_pb_old_content":"","_et_gb_content_width":"","footnotes":""},"class_list":["post-3663","page","type-page","status-publish","hentry"],"_links":{"self":[{"href":"https:\/\/cyfrowa.pl\/wp\/wp-json\/wp\/v2\/pages\/3663","targetHints":{"allow":["GET"]}}],"collection":[{"href":"https:\/\/cyfrowa.pl\/wp\/wp-json\/wp\/v2\/pages"}],"about":[{"href":"https:\/\/cyfrowa.pl\/wp\/wp-json\/wp\/v2\/types\/page"}],"author":[{"embeddable":true,"href":"https:\/\/cyfrowa.pl\/wp\/wp-json\/wp\/v2\/users\/1"}],"replies":[{"embeddable":true,"href":"https:\/\/cyfrowa.pl\/wp\/wp-json\/wp\/v2\/comments?post=3663"}],"version-history":[{"count":12,"href":"https:\/\/cyfrowa.pl\/wp\/wp-json\/wp\/v2\/pages\/3663\/revisions"}],"predecessor-version":[{"id":4247,"href":"https:\/\/cyfrowa.pl\/wp\/wp-json\/wp\/v2\/pages\/3663\/revisions\/4247"}],"wp:attachment":[{"href":"https:\/\/cyfrowa.pl\/wp\/wp-json\/wp\/v2\/media?parent=3663"}],"curies":[{"name":"wp","href":"https:\/\/api.w.org\/{rel}","templated":true}]}}